{"id":6,"date":"2024-08-03T14:02:21","date_gmt":"2024-08-03T14:02:21","guid":{"rendered":"https:\/\/youth.direct\/de\/?page_id=6"},"modified":"2024-08-03T18:13:36","modified_gmt":"2024-08-03T18:13:36","slug":"landing-page-de","status":"publish","type":"page","link":"https:\/\/youth.direct\/de\/","title":{"rendered":"Landing Page (de)"},"content":{"rendered":"\n<section class=\"wp-block-group alignfull has-base-background-color has-background has-global-padding is-layout-constrained wp-container-core-group-is-layout-3 wp-block-group-is-layout-constrained\" style=\"margin-top:0;margin-bottom:0;padding-top:var(--wp--preset--spacing--xx-large);padding-right:var(--wp--preset--spacing--medium);padding-bottom:var(--wp--preset--spacing--xx-large);padding-left:var(--wp--preset--spacing--medium)\">\n<div class=\"wp-block-columns alignwide is-layout-flex wp-container-core-columns-is-layout-1 wp-block-columns-is-layout-flex\">\n<div class=\"wp-block-column is-vertically-aligned-stretch is-layout-flow wp-block-column-is-layout-flow\">\n<div class=\"wp-block-group alignwide is-vertical is-content-justification-stretch is-layout-flex wp-container-core-group-is-layout-2 wp-block-group-is-layout-flex\" style=\"min-height:100%\">\n<h1 class=\"wp-block-heading has-condensed-font-family has-x-large-font-size\" style=\"letter-spacing:-1px;line-height:1.05\"><mark style=\"background-color:rgba(0, 0, 0, 0)\" class=\"has-inline-color has-primary-color\">Youth Direct<\/mark> \u2013 ein Dokumentarfilm \u00fcber Jugendbewegungen, unabh\u00e4ngig finanziert \u00fcber Kickstarter, von jungen Menschen selbst gemacht.<\/h1>\n\n\n\n<p class=\"has-secondary-color has-text-color has-link-color wp-elements-46a9a3ae98c28d7204c05f47360d3b39\">Am 15. September, dem Weltdemokratietag, haben wir hoffentlich die ersten Schritte unseres Dokumentarfilms finanziert. Damit haben Jugendliche in der Gestaltung des Dokumentarfilms dann wirklich freie Hand, ohne dass sich F\u00f6rdermittelgeber inhaltlich oder strukturell einmischen k\u00f6nnen.<\/p>\n\n\n\n<div class=\"wp-block-group has-global-padding is-content-justification-left is-layout-constrained wp-container-core-group-is-layout-1 wp-block-group-is-layout-constrained\" style=\"border-radius:10px\">\n<p class=\"has-base-font-size\"><strong>Bist du dabei? Dann hier entlang zu <a href=\"http:\/\/kck.st\/3SUgMCb\">Kickstarter<\/a><\/strong>!<\/p>\n<\/div>\n<\/div>\n<\/div>\n\n\n\n<div class=\"wp-block-column is-layout-flow wp-block-column-is-layout-flow\" style=\"flex-basis:33.33%\">\n<iframe loading=\"lazy\" src=\"https:\/\/www.kickstarter.com\/projects\/youthpolicy\/youth-direct-a-youth-led-documentary\/widget\/card.html?v=2\" width=\"240\" height=\"440\" frameborder=\"0\" scrolling=\"no\"><\/iframe>\n<\/div>\n<\/div>\n<\/section>\n\n\n\n<section class=\"wp-block-group alignfull has-tertiary-background-color has-background has-global-padding is-layout-constrained wp-container-core-group-is-layout-5 wp-block-group-is-layout-constrained\" style=\"margin-top:0;margin-bottom:0;padding-top:var(--wp--preset--spacing--xx-large);padding-right:var(--wp--preset--spacing--medium);padding-bottom:var(--wp--preset--spacing--xx-large);padding-left:var(--wp--preset--spacing--medium)\">\n<div class=\"wp-block-group alignwide has-global-padding is-content-justification-left is-layout-constrained wp-container-core-group-is-layout-4 wp-block-group-is-layout-constrained\">\n<h2 class=\"wp-block-heading has-condensed-font-family has-x-large-font-size\" style=\"letter-spacing:-1px;line-height:1.05\">Unser Trailer \u2013 mit deutschen Untertiteln<\/h2>\n<\/div>\n\n\n\n<div class=\"wp-block-columns alignwide is-layout-flex wp-container-core-columns-is-layout-2 wp-block-columns-is-layout-flex\">\n<div class=\"wp-block-column is-layout-flow wp-block-column-is-layout-flow\">\n<figure class=\"wp-block-embed is-type-video is-provider-youtube wp-block-embed-youtube wp-embed-aspect-16-9 wp-has-aspect-ratio\"><div class=\"wp-block-embed__wrapper\">\n<iframe loading=\"lazy\" title=\"Youth Direct \u2013 Trailer f\u00fcr unseren Dokumentarfilm \u00fcber Jugendbewegungen\" width=\"500\" height=\"281\" src=\"https:\/\/www.youtube.com\/embed\/HGwJr9Ua5zE?feature=oembed\" frameborder=\"0\" allow=\"accelerometer; autoplay; clipboard-write; encrypted-media; gyroscope; picture-in-picture; web-share\" referrerpolicy=\"strict-origin-when-cross-origin\" allowfullscreen><\/iframe>\n<\/div><\/figure>\n<\/div>\n<\/div>\n<\/section>\n\n\n\n<section class=\"wp-block-group alignfull has-base-background-color has-background has-global-padding is-layout-constrained wp-container-core-group-is-layout-8 wp-block-group-is-layout-constrained\" style=\"margin-top:0;margin-bottom:0;padding-top:var(--wp--preset--spacing--xx-large);padding-right:var(--wp--preset--spacing--medium);padding-bottom:var(--wp--preset--spacing--xx-large);padding-left:var(--wp--preset--spacing--medium)\">\n<div class=\"wp-block-columns alignwide is-layout-flex wp-container-core-columns-is-layout-3 wp-block-columns-is-layout-flex\">\n<div class=\"wp-block-column is-vertically-aligned-stretch is-layout-flow wp-block-column-is-layout-flow\">\n<div class=\"wp-block-group alignwide is-vertical is-content-justification-stretch is-layout-flex wp-container-core-group-is-layout-7 wp-block-group-is-layout-flex\" style=\"min-height:100%\">\n<div class=\"wp-block-group alignwide ollie-row-stack has-global-padding is-layout-constrained wp-block-group-is-layout-constrained\">\n<h2 class=\"wp-block-heading has-condensed-font-family has-x-large-font-size\" style=\"letter-spacing:-1px;line-height:1.05\">Hey!<\/h2>\n\n\n\n<p class=\"has-secondary-color has-text-color has-link-color wp-elements-eeb69f104feed8ebfe6acecff2f54380\">Wir sind Youth Policy Labs, eine kleine, kreative, und manchmal leicht waghalsige gemeinn\u00fctzige Denkfabrik. <\/p>\n\n\n\n<p class=\"has-secondary-color has-text-color has-link-color wp-elements-44545350c707a0b9c0eaacdda375e3b4\">Unser Zuhause ist Berlin, von hier aus arbeiten wir mit einem schlagkr\u00e4ftigen Team von Forschungs-, Politik-, Daten- und Journalismusbegeisterten daran, Jugendpolitik zu st\u00e4rken und die Lebensbedingungen junger Menschen zu verbessern.<\/p>\n\n\n\n<p class=\"has-secondary-color has-text-color has-link-color wp-elements-568465f4230b89a373b316e582764344\">Hier sind vier unserer Teammitglieder, die den Trailer f\u00fcr die Kampagne gemeinsam produziert haben: <\/p>\n\n\n\n<p class=\"has-secondary-color has-text-color has-link-color wp-elements-e9786505314178f616763a549d64679e\">Von links oben: Erik, Karla, Tom &amp; Suki.<\/p>\n<\/div>\n<\/div>\n<\/div>\n\n\n\n<div class=\"wp-block-column is-vertically-aligned-stretch is-style-default is-layout-flow wp-block-column-is-layout-flow\">\n<div class=\"wp-block-cover is-light is-style-default has-aspect-ratio wp-duotone-unset-1\" style=\"border-radius:10px;padding-top:var(--wp--preset--spacing--small);padding-right:var(--wp--preset--spacing--small);padding-bottom:var(--wp--preset--spacing--small);padding-left:var(--wp--preset--spacing--small);min-height:100%;aspect-ratio:1;min-height:unset;\"><span aria-hidden=\"true\" class=\"wp-block-cover__background has-background-dim-0 has-background-dim\" style=\"background-color:#ae998f\"><\/span><img decoding=\"async\" class=\"wp-block-cover__image-background wp-image-37\" alt=\"Meet the four team members who have co-produced the trailer: Erik, Karla, Tom &amp; Suki. Suki is a dog, and very cute.\" src=\"https:\/\/youth.direct\/wp-content\/uploads\/2024\/08\/tom_suki_karla_erik_transparent_square_v4.png\" style=\"object-position:8% 9%\" data-object-fit=\"cover\" data-object-position=\"8% 9%\"\/><div class=\"wp-block-cover__inner-container has-global-padding is-layout-constrained wp-container-core-cover-is-layout-1 wp-block-cover-is-layout-constrained\">\n<p class=\"has-text-align-center has-large-font-size\"><\/p>\n<\/div><\/div>\n<\/div>\n<\/div>\n<\/section>\n\n\n\n<div class=\"wp-block-group alignfull dark-footer has-base-color has-main-background-color has-text-color has-background has-link-color wp-elements-4290666538e94a83f59484d8ac2676d8 has-global-padding is-layout-constrained wp-container-core-group-is-layout-14 wp-block-group-is-layout-constrained\" style=\"margin-top:0px;padding-top:var(--wp--preset--spacing--xx-large);padding-right:var(--wp--preset--spacing--medium);padding-bottom:var(--wp--preset--spacing--xx-large);padding-left:var(--wp--preset--spacing--medium)\">\n<div class=\"wp-block-columns alignwide is-layout-flex wp-container-core-columns-is-layout-5 wp-block-columns-is-layout-flex\">\n<div class=\"wp-block-column is-layout-flow wp-block-column-is-layout-flow\">\n<h3 class=\"wp-block-heading\">Es ist an der Zeit!<\/h3>\n\n\n\n<p class=\"has-main-accent-color has-text-color has-small-font-size\">Vielen Dank f\u00fcr euer Interesse an Youth Direct, unserem Dokumentarfilm \u00fcber Jugendbewegungen auf der ganzen Welt: von jungen Menschen f\u00fcr junge Menschen in Eigenregie gemacht.<\/p>\n\n\n\n<ul class=\"wp-block-social-links has-icon-color has-icon-background-color is-style-default is-content-justification-left is-layout-flex wp-container-core-social-links-is-layout-1 wp-block-social-links-is-layout-flex\"><li style=\"color: #150E29; background-color: #fff; \" class=\"wp-social-link wp-social-link-tiktok has-main-color has-base-background-color wp-block-social-link\"><a href=\"https:\/\/www.tiktok.com\/@directyouth\" class=\"wp-block-social-link-anchor\"><svg width=\"24\" height=\"24\" viewBox=\"0 0 32 32\" version=\"1.1\" xmlns=\"http:\/\/www.w3.org\/2000\/svg\" aria-hidden=\"true\" focusable=\"false\"><path d=\"M16.708 0.027c1.745-0.027 3.48-0.011 5.213-0.027 0.105 2.041 0.839 4.12 2.333 5.563 1.491 1.479 3.6 2.156 5.652 2.385v5.369c-1.923-0.063-3.855-0.463-5.6-1.291-0.76-0.344-1.468-0.787-2.161-1.24-0.009 3.896 0.016 7.787-0.025 11.667-0.104 1.864-0.719 3.719-1.803 5.255-1.744 2.557-4.771 4.224-7.88 4.276-1.907 0.109-3.812-0.411-5.437-1.369-2.693-1.588-4.588-4.495-4.864-7.615-0.032-0.667-0.043-1.333-0.016-1.984 0.24-2.537 1.495-4.964 3.443-6.615 2.208-1.923 5.301-2.839 8.197-2.297 0.027 1.975-0.052 3.948-0.052 5.923-1.323-0.428-2.869-0.308-4.025 0.495-0.844 0.547-1.485 1.385-1.819 2.333-0.276 0.676-0.197 1.427-0.181 2.145 0.317 2.188 2.421 4.027 4.667 3.828 1.489-0.016 2.916-0.88 3.692-2.145 0.251-0.443 0.532-0.896 0.547-1.417 0.131-2.385 0.079-4.76 0.095-7.145 0.011-5.375-0.016-10.735 0.025-16.093z\" \/><\/svg><span class=\"wp-block-social-link-label screen-reader-text\">TikTok<\/span><\/a><\/li>\n\n<li style=\"color: #150E29; background-color: #fff; \" class=\"wp-social-link wp-social-link-instagram has-main-color has-base-background-color wp-block-social-link\"><a href=\"https:\/\/www.instagram.com\/youth.direct\/\" class=\"wp-block-social-link-anchor\"><svg width=\"24\" height=\"24\" viewBox=\"0 0 24 24\" version=\"1.1\" xmlns=\"http:\/\/www.w3.org\/2000\/svg\" aria-hidden=\"true\" focusable=\"false\"><path d=\"M12,4.622c2.403,0,2.688,0.009,3.637,0.052c0.877,0.04,1.354,0.187,1.671,0.31c0.42,0.163,0.72,0.358,1.035,0.673 c0.315,0.315,0.51,0.615,0.673,1.035c0.123,0.317,0.27,0.794,0.31,1.671c0.043,0.949,0.052,1.234,0.052,3.637 s-0.009,2.688-0.052,3.637c-0.04,0.877-0.187,1.354-0.31,1.671c-0.163,0.42-0.358,0.72-0.673,1.035 c-0.315,0.315-0.615,0.51-1.035,0.673c-0.317,0.123-0.794,0.27-1.671,0.31c-0.949,0.043-1.233,0.052-3.637,0.052 s-2.688-0.009-3.637-0.052c-0.877-0.04-1.354-0.187-1.671-0.31c-0.42-0.163-0.72-0.358-1.035-0.673 c-0.315-0.315-0.51-0.615-0.673-1.035c-0.123-0.317-0.27-0.794-0.31-1.671C4.631,14.688,4.622,14.403,4.622,12 s0.009-2.688,0.052-3.637c0.04-0.877,0.187-1.354,0.31-1.671c0.163-0.42,0.358-0.72,0.673-1.035 c0.315-0.315,0.615-0.51,1.035-0.673c0.317-0.123,0.794-0.27,1.671-0.31C9.312,4.631,9.597,4.622,12,4.622 M12,3 C9.556,3,9.249,3.01,8.289,3.054C7.331,3.098,6.677,3.25,6.105,3.472C5.513,3.702,5.011,4.01,4.511,4.511 c-0.5,0.5-0.808,1.002-1.038,1.594C3.25,6.677,3.098,7.331,3.054,8.289C3.01,9.249,3,9.556,3,12c0,2.444,0.01,2.751,0.054,3.711 c0.044,0.958,0.196,1.612,0.418,2.185c0.23,0.592,0.538,1.094,1.038,1.594c0.5,0.5,1.002,0.808,1.594,1.038 c0.572,0.222,1.227,0.375,2.185,0.418C9.249,20.99,9.556,21,12,21s2.751-0.01,3.711-0.054c0.958-0.044,1.612-0.196,2.185-0.418 c0.592-0.23,1.094-0.538,1.594-1.038c0.5-0.5,0.808-1.002,1.038-1.594c0.222-0.572,0.375-1.227,0.418-2.185 C20.99,14.751,21,14.444,21,12s-0.01-2.751-0.054-3.711c-0.044-0.958-0.196-1.612-0.418-2.185c-0.23-0.592-0.538-1.094-1.038-1.594 c-0.5-0.5-1.002-0.808-1.594-1.038c-0.572-0.222-1.227-0.375-2.185-0.418C14.751,3.01,14.444,3,12,3L12,3z M12,7.378 c-2.552,0-4.622,2.069-4.622,4.622S9.448,16.622,12,16.622s4.622-2.069,4.622-4.622S14.552,7.378,12,7.378z M12,15 c-1.657,0-3-1.343-3-3s1.343-3,3-3s3,1.343,3,3S13.657,15,12,15z M16.804,6.116c-0.596,0-1.08,0.484-1.08,1.08 s0.484,1.08,1.08,1.08c0.596,0,1.08-0.484,1.08-1.08S17.401,6.116,16.804,6.116z\"><\/path><\/svg><span class=\"wp-block-social-link-label screen-reader-text\">Instagram<\/span><\/a><\/li>\n\n<li style=\"color: #150E29; background-color: #fff; \" class=\"wp-social-link wp-social-link-youtube has-main-color has-base-background-color wp-block-social-link\"><a href=\"https:\/\/www.youtube.com\/@youth.direct\" class=\"wp-block-social-link-anchor\"><svg width=\"24\" height=\"24\" viewBox=\"0 0 24 24\" version=\"1.1\" xmlns=\"http:\/\/www.w3.org\/2000\/svg\" aria-hidden=\"true\" focusable=\"false\"><path d=\"M21.8,8.001c0,0-0.195-1.378-0.795-1.985c-0.76-0.797-1.613-0.801-2.004-0.847c-2.799-0.202-6.997-0.202-6.997-0.202 h-0.009c0,0-4.198,0-6.997,0.202C4.608,5.216,3.756,5.22,2.995,6.016C2.395,6.623,2.2,8.001,2.2,8.001S2,9.62,2,11.238v1.517 c0,1.618,0.2,3.237,0.2,3.237s0.195,1.378,0.795,1.985c0.761,0.797,1.76,0.771,2.205,0.855c1.6,0.153,6.8,0.201,6.8,0.201 s4.203-0.006,7.001-0.209c0.391-0.047,1.243-0.051,2.004-0.847c0.6-0.607,0.795-1.985,0.795-1.985s0.2-1.618,0.2-3.237v-1.517 C22,9.62,21.8,8.001,21.8,8.001z M9.935,14.594l-0.001-5.62l5.404,2.82L9.935,14.594z\"><\/path><\/svg><span class=\"wp-block-social-link-label screen-reader-text\">YouTube<\/span><\/a><\/li><\/ul>\n<\/div>\n\n\n\n<div class=\"wp-block-column is-layout-flow wp-block-column-is-layout-flow\">\n<div class=\"wp-block-columns is-layout-flex wp-container-core-columns-is-layout-4 wp-block-columns-is-layout-flex\">\n<div class=\"wp-block-column is-layout-flow wp-block-column-is-layout-flow\">\n<p style=\"font-style:normal;font-weight:600\">Youth Policy Labs<\/p>\n\n\n\n<div class=\"wp-block-group has-main-accent-color has-text-color has-small-font-size has-global-padding is-layout-constrained wp-container-core-group-is-layout-9 wp-block-group-is-layout-constrained\">\n<p><a href=\"https:\/\/youthpolicylabs.org\/about-us\/\">Wer wir sind<\/a><\/p>\n\n\n\n<p><a href=\"https:\/\/youthpolicylabs.org\/non-formal-education-youth-work\/\">Was wir tun<\/a><\/p>\n\n\n\n<p><\/p>\n\n\n\n<p><\/p>\n<\/div>\n<\/div>\n\n\n\n<div class=\"wp-block-column is-layout-flow wp-block-column-is-layout-flow\">\n<p style=\"font-style:normal;font-weight:600\">Unsere offenen Daten<\/p>\n\n\n\n<div class=\"wp-block-group has-main-accent-color has-text-color has-small-font-size has-global-padding is-layout-constrained wp-container-core-group-is-layout-10 wp-block-group-is-layout-constrained\">\n<p><a href=\"https:\/\/www.youthpolicy.org\/factsheets\">Unsere Factsheets<\/a><\/p>\n\n\n\n<p><a href=\"https:\/\/www.youthpolicy.org\/library\">Unsere Onlinebibliothek<\/a><\/p>\n\n\n\n<p><\/p>\n\n\n\n<p><\/p>\n<\/div>\n<\/div>\n<\/div>\n<\/div>\n<\/div>\n\n\n\n<hr class=\"wp-block-separator alignwide has-text-color has-secondary-color has-alpha-channel-opacity has-secondary-background-color has-background is-style-separator-dotted\"\/>\n\n\n\n<div class=\"wp-block-group alignwide is-layout-flow wp-block-group-is-layout-flow\">\n<div class=\"wp-block-group has-main-accent-color has-text-color has-link-color wp-elements-949035136cae99f71a46794bef2e1538 is-content-justification-space-between is-layout-flex wp-container-core-group-is-layout-12 wp-block-group-is-layout-flex\">\n<p>\u00a9 2024 <strong>\u00b7<\/strong> Tausend Dank an&nbsp;<a href=\"https:\/\/wordpress.org\">WordPress<\/a>,&nbsp;<a href=\"https:\/\/olliewp.com\">Ollie<\/a>&nbsp;and&nbsp;<a href=\"https:\/\/kawam.eu\">Kawa<\/a>&nbsp;\ud83e\udd0d<\/p>\n\n\n\n<div class=\"wp-block-group has-small-font-size is-nowrap is-layout-flex wp-container-core-group-is-layout-11 wp-block-group-is-layout-flex\">\n<p><\/p>\n\n\n\n<p><a href=\"https:\/\/youthpolicylabs.org\/impressum\/\">Impressum<\/a><\/p>\n\n\n\n<p><a href=\"https:\/\/youthpolicylabs.org\/privacy-policy\/\">Datenschutz<\/a><\/p>\n<\/div>\n<\/div>\n<\/div>\n<\/div>\n\n\n\n<p><\/p>\n","protected":false},"excerpt":{"rendered":"<p>Youth Direct \u2013 ein Dokumentarfilm \u00fcber Jugendbewegungen, unabh\u00e4ngig finanziert \u00fcber Kickstarter, von jungen Menschen selbst gemacht. Am 15. September, dem Weltdemokratietag, haben wir hoffentlich die ersten Schritte unseres Dokumentarfilms finanziert. Damit haben Jugendliche in der Gestaltung des Dokumentarfilms dann wirklich freie Hand, ohne dass sich F\u00f6rdermittelgeber inhaltlich oder strukturell einmischen k\u00f6nnen. Bist du dabei? Dann [&hellip;]<\/p>\n","protected":false},"author":1,"featured_media":0,"parent":0,"menu_order":0,"comment_status":"closed","ping_status":"closed","template":"page-no-title","meta":{"footnotes":""},"class_list":["post-6","page","type-page","status-publish","hentry"],"_links":{"self":[{"href":"https:\/\/youth.direct\/de\/wp-json\/wp\/v2\/pages\/6"}],"collection":[{"href":"https:\/\/youth.direct\/de\/wp-json\/wp\/v2\/pages"}],"about":[{"href":"https:\/\/youth.direct\/de\/wp-json\/wp\/v2\/types\/page"}],"author":[{"embeddable":true,"href":"https:\/\/youth.direct\/de\/wp-json\/wp\/v2\/users\/1"}],"replies":[{"embeddable":true,"href":"https:\/\/youth.direct\/de\/wp-json\/wp\/v2\/comments?post=6"}],"version-history":[{"count":5,"href":"https:\/\/youth.direct\/de\/wp-json\/wp\/v2\/pages\/6\/revisions"}],"predecessor-version":[{"id":13,"href":"https:\/\/youth.direct\/de\/wp-json\/wp\/v2\/pages\/6\/revisions\/13"}],"wp:attachment":[{"href":"https:\/\/youth.direct\/de\/wp-json\/wp\/v2\/media?parent=6"}],"curies":[{"name":"wp","href":"https:\/\/api.w.org\/{rel}","templated":true}]}}